{"id":135,"date":"2025-11-07T23:14:04","date_gmt":"2025-11-07T23:14:04","guid":{"rendered":"https:\/\/rohmasv.calpanditechnologies.com\/?post_type=product&#038;p=135"},"modified":"2025-11-07T23:14:04","modified_gmt":"2025-11-07T23:14:04","slug":"capo-toyota-corolla-2017-2019","status":"publish","type":"product","link":"https:\/\/rohmasv.calpanditechnologies.com\/?product=capo-toyota-corolla-2017-2019","title":{"rendered":"Cap\u00f3 Toyota Corolla 2017\u20132019"},"content":{"rendered":"<p>Fabricado con materiales de alta calidad, este cap\u00f3 mantiene las l\u00edneas originales del Corolla. Su superficie est\u00e1 tratada para resistir la corrosi\u00f3n y lista para pintar del color del veh\u00edculo. Ideal para reemplazar piezas da\u00f1adas sin perder la est\u00e9tica original del autom\u00f3vil.<\/p>\n","protected":false},"excerpt":{"rendered":"<p>Cap\u00f3 de reemplazo para Toyota Corolla 2017\u20132019, dise\u00f1ado para un ajuste exacto y acabado de f\u00e1brica.<\/p>\n","protected":false},"featured_media":136,"comment_status":"open","ping_status":"closed","template":"","meta":[],"product_brand":[],"product_cat":[34],"product_tag":[37,40,41,39],"class_list":{"0":"post-135","1":"product","2":"type-product","3":"status-publish","4":"has-post-thumbnail","6":"product_cat-capo","7":"product_tag-capo","8":"product_tag-corolla","9":"product_tag-repuesto-toyota","10":"product_tag-toyota","12":"first","13":"instock","14":"shipping-taxable","15":"purchasable","16":"product-type-simple"},"_links":{"self":[{"href":"https:\/\/rohmasv.calpanditechnologies.com\/index.php?rest_route=\/wp\/v2\/product\/135","targetHints":{"allow":["GET"]}}],"collection":[{"href":"https:\/\/rohmasv.calpanditechnologies.com\/index.php?rest_route=\/wp\/v2\/product"}],"about":[{"href":"https:\/\/rohmasv.calpanditechnologies.com\/index.php?rest_route=\/wp\/v2\/types\/product"}],"replies":[{"embeddable":true,"href":"https:\/\/rohmasv.calpanditechnologies.com\/index.php?rest_route=%2Fwp%2Fv2%2Fcomments&post=135"}],"wp:featuredmedia":[{"embeddable":true,"href":"https:\/\/rohmasv.calpanditechnologies.com\/index.php?rest_route=\/wp\/v2\/media\/136"}],"wp:attachment":[{"href":"https:\/\/rohmasv.calpanditechnologies.com\/index.php?rest_route=%2Fwp%2Fv2%2Fmedia&parent=135"}],"wp:term":[{"taxonomy":"product_brand","embeddable":true,"href":"https:\/\/rohmasv.calpanditechnologies.com\/index.php?rest_route=%2Fwp%2Fv2%2Fproduct_brand&post=135"},{"taxonomy":"product_cat","embeddable":true,"href":"https:\/\/rohmasv.calpanditechnologies.com\/index.php?rest_route=%2Fwp%2Fv2%2Fproduct_cat&post=135"},{"taxonomy":"product_tag","embeddable":true,"href":"https:\/\/rohmasv.calpanditechnologies.com\/index.php?rest_route=%2Fwp%2Fv2%2Fproduct_tag&post=135"}],"curies":[{"name":"wp","href":"https:\/\/api.w.org\/{rel}","templated":true}]}}