{"id":145,"date":"2025-11-07T23:27:18","date_gmt":"2025-11-07T23:27:18","guid":{"rendered":"https:\/\/rohmasv.calpanditechnologies.com\/?post_type=product&#038;p=145"},"modified":"2025-11-18T02:54:55","modified_gmt":"2025-11-18T02:54:55","slug":"capo-kia-rio-2017-2021","status":"publish","type":"product","link":"https:\/\/rohmasv.calpanditechnologies.com\/?product=capo-kia-rio-2017-2021","title":{"rendered":"Cap\u00f3 Kia Rio 2017\u20132021"},"content":{"rendered":"<p data-start=\"2258\" data-end=\"2549\">Dise\u00f1ado para conservar la forma y l\u00edneas originales del Kia Rio. Fabricado con acero galvanizado que resiste el \u00f3xido y la deformaci\u00f3n. Su montaje es sencillo y encaja perfectamente con los soportes originales del veh\u00edculo. Ideal para restauraciones o reemplazos.<\/p>\n","protected":false},"excerpt":{"rendered":"<p>Cap\u00f3 met\u00e1lico de alta calidad para Kia Rio 2017\u20132021, con ajuste exacto y acabado listo para pintura.<\/p>\n","protected":false},"featured_media":146,"comment_status":"open","ping_status":"closed","template":"","meta":[],"product_brand":[],"product_cat":[34],"product_tag":[37,45,47,46],"class_list":{"0":"post-145","1":"product","2":"type-product","3":"status-publish","4":"has-post-thumbnail","6":"product_cat-capo","7":"product_tag-capo","8":"product_tag-kia","9":"product_tag-repuesto-kia","10":"product_tag-rio","12":"first","13":"instock","14":"sale","15":"shipping-taxable","16":"purchasable","17":"product-type-simple"},"_links":{"self":[{"href":"https:\/\/rohmasv.calpanditechnologies.com\/index.php?rest_route=\/wp\/v2\/product\/145","targetHints":{"allow":["GET"]}}],"collection":[{"href":"https:\/\/rohmasv.calpanditechnologies.com\/index.php?rest_route=\/wp\/v2\/product"}],"about":[{"href":"https:\/\/rohmasv.calpanditechnologies.com\/index.php?rest_route=\/wp\/v2\/types\/product"}],"replies":[{"embeddable":true,"href":"https:\/\/rohmasv.calpanditechnologies.com\/index.php?rest_route=%2Fwp%2Fv2%2Fcomments&post=145"}],"wp:featuredmedia":[{"embeddable":true,"href":"https:\/\/rohmasv.calpanditechnologies.com\/index.php?rest_route=\/wp\/v2\/media\/146"}],"wp:attachment":[{"href":"https:\/\/rohmasv.calpanditechnologies.com\/index.php?rest_route=%2Fwp%2Fv2%2Fmedia&parent=145"}],"wp:term":[{"taxonomy":"product_brand","embeddable":true,"href":"https:\/\/rohmasv.calpanditechnologies.com\/index.php?rest_route=%2Fwp%2Fv2%2Fproduct_brand&post=145"},{"taxonomy":"product_cat","embeddable":true,"href":"https:\/\/rohmasv.calpanditechnologies.com\/index.php?rest_route=%2Fwp%2Fv2%2Fproduct_cat&post=145"},{"taxonomy":"product_tag","embeddable":true,"href":"https:\/\/rohmasv.calpanditechnologies.com\/index.php?rest_route=%2Fwp%2Fv2%2Fproduct_tag&post=145"}],"curies":[{"name":"wp","href":"https:\/\/api.w.org\/{rel}","templated":true}]}}